{"id":267,"date":"2022-06-08T18:31:33","date_gmt":"2022-06-08T18:31:33","guid":{"rendered":"https:\/\/villagemonde.com\/confidencialidad\/"},"modified":"2025-08-06T17:16:39","modified_gmt":"2025-08-06T17:16:39","slug":"confidencialidad","status":"publish","type":"page","link":"https:\/\/villagemonde.com\/es\/confidencialidad\/","title":{"rendered":"Confidencialidad"},"content":{"rendered":"\t\t<div data-elementor-type=\"wp-page\" data-elementor-id=\"267\" class=\"elementor elementor-267 elementor-3\">\n\t\t\t\t\t\t\t\t\t<section class=\"elementor-section elementor-top-section elementor-element elementor-element-cd94d8a elementor-section-stretched elementor-section-boxed elementor-section-height-default elementor-section-height-default\" data-id=\"cd94d8a\" data-element_type=\"section\" data-settings=\"{&quot;stretch_section&quot;:&quot;section-stretched&quot;,&quot;background_background&quot;:&quot;classic&quot;}\">\n\t\t\t\t\t\t<div class=\"elementor-container elementor-column-gap-no\">\n\t\t\t\t\t<div class=\"elementor-column elementor-col-100 elementor-top-column elementor-element elementor-element-68ff63f3\" data-id=\"68ff63f3\" data-element_type=\"column\">\n\t\t\t<div class=\"elementor-widget-wrap elementor-element-populated\">\n\t\t\t\t\t\t\t\t<div class=\"elementor-element elementor-element-764e5957 elementor-widget elementor-widget-heading\" data-id=\"764e5957\" data-element_type=\"widget\" data-widget_type=\"heading.default\">\n\t\t\t\t<div class=\"elementor-widget-container\">\n\t\t\t<style>\/*! elementor - v3.6.6 - 08-06-2022 *\/\n.elementor-heading-title{padding:0;margin:0;line-height:1}.elementor-widget-heading .elementor-heading-title[class*=elementor-size-]>a{color:inherit;font-size:inherit;line-height:inherit}.elementor-widget-heading .elementor-heading-title.elementor-size-small{font-size:15px}.elementor-widget-heading .elementor-heading-title.elementor-size-medium{font-size:19px}.elementor-widget-heading .elementor-heading-title.elementor-size-large{font-size:29px}.elementor-widget-heading .elementor-heading-title.elementor-size-xl{font-size:39px}.elementor-widget-heading .elementor-heading-title.elementor-size-xxl{font-size:59px}<\/style><h1 class=\"elementor-heading-title elementor-size-default\">Pol\u00edtica de privacidad<\/h1>\t\t<\/div>\n\t\t\t\t<\/div>\n\t\t\t\t\t<\/div>\n\t\t<\/div>\n\t\t\t\t\t\t\t<\/div>\n\t\t<\/section>\n\t\t\t\t<section class=\"elementor-section elementor-top-section elementor-element elementor-element-2a76abf6 elementor-section-boxed elementor-section-height-default elementor-section-height-default\" data-id=\"2a76abf6\" data-element_type=\"section\">\n\t\t\t\t\t\t<div class=\"elementor-container elementor-column-gap-default\">\n\t\t\t\t\t<div class=\"elementor-column elementor-col-100 elementor-top-column elementor-element elementor-element-455bf693\" data-id=\"455bf693\" data-element_type=\"column\">\n\t\t\t<div class=\"elementor-widget-wrap elementor-element-populated\">\n\t\t\t\t\t\t\t\t<div class=\"elementor-element elementor-element-3c29a6e5 elementor-widget elementor-widget-text-editor\" data-id=\"3c29a6e5\" data-element_type=\"widget\" data-widget_type=\"text-editor.default\">\n\t\t\t\t<div class=\"elementor-widget-container\">\n\t\t\t<style>\/*! elementor - v3.6.6 - 08-06-2022 *\/\n.elementor-widget-text-editor.elementor-drop-cap-view-stacked .elementor-drop-cap{background-color:#818a91;color:#fff}.elementor-widget-text-editor.elementor-drop-cap-view-framed .elementor-drop-cap{color:#818a91;border:3px solid;background-color:transparent}.elementor-widget-text-editor:not(.elementor-drop-cap-view-default) .elementor-drop-cap{margin-top:8px}.elementor-widget-text-editor:not(.elementor-drop-cap-view-default) .elementor-drop-cap-letter{width:1em;height:1em}.elementor-widget-text-editor .elementor-drop-cap{float:left;text-align:center;line-height:1;font-size:50px}.elementor-widget-text-editor .elementor-drop-cap-letter{display:inline-block}<\/style>\t\t\t\t<p><span style=\"font-weight: 400;\">\u00daltima actualizaci\u00f3n:&nbsp;<\/span>4 de agosto de 2025<br><span style=\"font-weight: 400;\">Fecha de entrada en vigor: 4 de agosto de 2025<\/span><\/p>\n<p><span style=\"font-weight: 400;\">Esta Pol\u00edtica de Privacidad describe las pol\u00edticas de <\/span><b>Fondation Village Monde<\/b><span style=\"font-weight: 400;\">, ubicada en 4187 C\u00f4te de Cap-Rouge, QC G1Y 1V2, Canad\u00e1, correo electr\u00f3nico: info@villagemonde.com, tel\u00e9fono: 418-317-6466, en relaci\u00f3n con la recopilaci\u00f3n, uso y divulgaci\u00f3n de su informaci\u00f3n cuando utiliza nuestro sitio web (<\/span><a href=\"https:\/\/villagemonde.com\/\"><span style=\"font-weight: 400;\">https:\/\/villagemonde.com\/<\/span><\/a><span style=\"font-weight: 400;\">) (el \u00abServicio\u00bb), de conformidad con la Ley de Protecci\u00f3n de Informaci\u00f3n Personal (Ley 25).<\/span><\/p>\n<p><span style=\"font-weight: 400;\">Al acceder o utilizar el Servicio, usted acepta la recopilaci\u00f3n, uso y divulgaci\u00f3n de su informaci\u00f3n conforme a esta Pol\u00edtica de Privacidad. Si no est\u00e1 de acuerdo, por favor no acceda ni utilice el Servicio.<\/span><\/p>\n<p><span style=\"font-weight: 400;\">Podemos modificar esta Pol\u00edtica de Privacidad en cualquier momento sin previo aviso. Publicaremos la Pol\u00edtica revisada en el Servicio, y esta ser\u00e1 efectiva 180 d\u00edas despu\u00e9s de su publicaci\u00f3n. Su uso continuado del Servicio despu\u00e9s de ese periodo constituir\u00e1 su aceptaci\u00f3n de la Pol\u00edtica revisada. Por lo tanto, le recomendamos revisar esta p\u00e1gina peri\u00f3dicamente.<\/span><\/p>\n<p><b>Informaci\u00f3n que recopilamos:<\/b><\/p>\n<p><span style=\"font-weight: 400;\">Recopilaremos y procesaremos la siguiente informaci\u00f3n personal sobre usted:<\/span><\/p>\n<ul>\n<li style=\"font-weight: 400;\" aria-level=\"1\"><b>Nombre y datos de contacto:<\/b><span style=\"font-weight: 400;\"> Nombre, apellidos, direcci\u00f3n postal, correo electr\u00f3nico, n\u00famero de tel\u00e9fono y otros datos similares utilizados para comunicarse con usted.<\/span><\/li>\n<li style=\"font-weight: 400;\" aria-level=\"1\"><b>Datos demogr\u00e1ficos:<\/b><span style=\"font-weight: 400;\"> Edad, g\u00e9nero, pa\u00eds y idioma de comunicaci\u00f3n.<\/span><\/li>\n<li style=\"font-weight: 400;\" aria-level=\"1\"><b>Datos de pago:<\/b><span style=\"font-weight: 400;\"> Informaci\u00f3n necesaria para procesar sus pagos, como el n\u00famero del instrumento de pago (por ejemplo, el n\u00famero de su tarjeta de cr\u00e9dito) y el c\u00f3digo de seguridad asociado.<\/span><\/li>\n<li style=\"font-weight: 400;\" aria-level=\"1\"><b>Datos de suscripci\u00f3n:<\/b><span style=\"font-weight: 400;\"> Informaci\u00f3n sobre su suscripci\u00f3n a nuestro bolet\u00edn informativo.<\/span><\/li>\n<li style=\"font-weight: 400;\" aria-level=\"1\"><b>Interacciones:<\/b><span style=\"font-weight: 400;\"> Datos sobre el uso que hace de nuestros sitios web, plataformas y herramientas. Esto incluye datos que usted proporciona para utilizar nuestros productos y datos que generamos nosotros, como los informes de errores.<\/span><\/li>\n<li style=\"font-weight: 400;\" aria-level=\"1\"><b>Otros datos de interacci\u00f3n:<\/b><span style=\"font-weight: 400;\"> Informaci\u00f3n sobre sitios visitados, uso, ubicaci\u00f3n y otros datos proporcionados al usar nuestro sitio, como los datos de Google Analytics.<\/span><\/li>\n<\/ul>\n<p><b>C\u00f3mo usamos su informaci\u00f3n:<\/b><\/p>\n<p><span style=\"font-weight: 400;\">Usaremos la informaci\u00f3n que recopilamos sobre usted para los siguientes fines:<\/span><\/p>\n<ul>\n<li style=\"font-weight: 400;\" aria-level=\"1\"><span style=\"font-weight: 400;\">Prestaci\u00f3n y mejora del servicio<\/span><\/li>\n<li style=\"font-weight: 400;\" aria-level=\"1\"><span style=\"font-weight: 400;\">Testimonios<\/span><\/li>\n<li style=\"font-weight: 400;\" aria-level=\"1\"><span style=\"font-weight: 400;\">Recopilaci\u00f3n de opiniones de clientes<\/span><\/li>\n<li style=\"font-weight: 400;\" aria-level=\"1\"><span style=\"font-weight: 400;\">Suscripciones y comunicaciones<\/span><\/li>\n<li style=\"font-weight: 400;\" aria-level=\"1\"><span style=\"font-weight: 400;\">Procesamiento de pagos<\/span><\/li>\n<li style=\"font-weight: 400;\" aria-level=\"1\"><span style=\"font-weight: 400;\">Soporte<\/span><\/li>\n<li style=\"font-weight: 400;\" aria-level=\"1\"><span style=\"font-weight: 400;\">Evaluaci\u00f3n del rendimiento del servicio<\/span><\/li>\n<li style=\"font-weight: 400;\" aria-level=\"1\"><span style=\"font-weight: 400;\">Producci\u00f3n de informes<\/span><\/li>\n<li style=\"font-weight: 400;\" aria-level=\"1\"><span style=\"font-weight: 400;\">Informaci\u00f3n administrativa<\/span><\/li>\n<li style=\"font-weight: 400;\" aria-level=\"1\"><span style=\"font-weight: 400;\">Aplicaci\u00f3n de los T\u00e9rminos y Condiciones<\/span><\/li>\n<li style=\"font-weight: 400;\" aria-level=\"1\"><span style=\"font-weight: 400;\">Protecci\u00f3n del sitio<\/span><\/li>\n<\/ul>\n<p><span style=\"font-weight: 400;\">Si deseamos utilizar su informaci\u00f3n para cualquier otro prop\u00f3sito, solicitaremos su consentimiento y solo la utilizaremos una vez recibido su consentimiento, y \u00fanicamente para los fines espec\u00edficos autorizados, salvo que la ley nos obligue a actuar de otro modo.<\/span><\/p>\n<p><b>C\u00f3mo compartimos su informaci\u00f3n:<\/b><\/p>\n<p><span style=\"font-weight: 400;\">No transferiremos su informaci\u00f3n personal a ning\u00fan tercero sin su consentimiento, excepto en las circunstancias limitadas que se describen a continuaci\u00f3n:<\/span><\/p>\n<ul>\n<li style=\"font-weight: 400;\" aria-level=\"1\"><span style=\"font-weight: 400;\">Servicios publicitarios<\/span><\/li>\n<li style=\"font-weight: 400;\" aria-level=\"1\"><span style=\"font-weight: 400;\">An\u00e1lisis de datos<\/span><\/li>\n<\/ul>\n<p><span style=\"font-weight: 400;\">Exigimos que estos terceros utilicen la informaci\u00f3n personal \u00fanicamente para los fines para los que fue transferida y que no la retengan por m\u00e1s tiempo del necesario.<\/span><\/p>\n<p><span style=\"font-weight: 400;\">Tambi\u00e9n podremos divulgar su informaci\u00f3n personal en los siguientes casos:<\/span><\/p>\n<ol>\n<li style=\"font-weight: 400;\" aria-level=\"1\"><span style=\"font-weight: 400;\">Para cumplir con la ley aplicable, una orden judicial u otro proceso legal;<\/span><\/li>\n<li style=\"font-weight: 400;\" aria-level=\"1\"><span style=\"font-weight: 400;\">Para hacer cumplir sus acuerdos con nosotros, incluida esta Pol\u00edtica de Privacidad;<\/span><\/li>\n<li style=\"font-weight: 400;\" aria-level=\"1\"><span style=\"font-weight: 400;\">Para responder a reclamaciones que su uso del Servicio viola derechos de terceros.<\/span><\/li>\n<\/ol>\n<p><span style=\"font-weight: 400;\">Si el Servicio o nuestra empresa se fusiona o es adquirida por otra compa\u00f1\u00eda, su informaci\u00f3n ser\u00e1 uno de los activos transferidos al nuevo propietario.<\/span><\/p>\n<p><b>Conservaci\u00f3n de su informaci\u00f3n:<\/b><\/p>\n<p><span style=\"font-weight: 400;\">Conservamos los datos el tiempo que sea necesario para cumplir con los fines para los que fueron recopilados o para cumplir con obligaciones legales. Posteriormente, ser\u00e1n eliminados, ya sea porque usted retire su consentimiento o porque hayan cumplido su prop\u00f3sito seg\u00fan esta Pol\u00edtica de Privacidad.<\/span><\/p>\n<p><span style=\"font-weight: 400;\">Es posible que debamos conservar cierta informaci\u00f3n durante per\u00edodos m\u00e1s prolongados por motivos legales (registro y reporte), cumplimiento de derechos legales, prevenci\u00f3n de fraudes, entre otros.<\/span><span style=\"font-weight: 400;\"><br><\/span><span style=\"font-weight: 400;\">La informaci\u00f3n an\u00f3nima residual y la informaci\u00f3n agregada, que no permite identificarle directa ni indirectamente, puede almacenarse indefinidamente.<\/span><\/p>\n<p><b>Sus derechos:<\/b><\/p>\n<p><span style=\"font-weight: 400;\">Dependiendo de la legislaci\u00f3n aplicable, usted puede tener derecho a:<\/span><\/p>\n<ul>\n<li style=\"font-weight: 400;\" aria-level=\"1\"><span style=\"font-weight: 400;\">Acceder, rectificar o eliminar sus datos personales<\/span><\/li>\n<li style=\"font-weight: 400;\" aria-level=\"1\"><span style=\"font-weight: 400;\">Obtener una copia de sus datos personales<\/span><\/li>\n<li style=\"font-weight: 400;\" aria-level=\"1\"><span style=\"font-weight: 400;\">Restringir u oponerse al procesamiento activo de sus datos<\/span><\/li>\n<li style=\"font-weight: 400;\" aria-level=\"1\"><span style=\"font-weight: 400;\">Solicitar la portabilidad de sus datos personales a otra entidad<\/span><\/li>\n<li style=\"font-weight: 400;\" aria-level=\"1\"><span style=\"font-weight: 400;\">Retirar cualquier consentimiento otorgado para el tratamiento de sus datos<\/span><\/li>\n<li style=\"font-weight: 400;\" aria-level=\"1\"><span style=\"font-weight: 400;\">Presentar una reclamaci\u00f3n ante una autoridad de control<\/span><\/li>\n<li style=\"font-weight: 400;\" aria-level=\"1\"><span style=\"font-weight: 400;\">Otros derechos previstos por la legislaci\u00f3n aplicable<\/span><\/li>\n<\/ul>\n<p><span style=\"font-weight: 400;\">Para ejercer estos derechos, puede escribirnos a <\/span><b>info@villagemonde.com<\/b><span style=\"font-weight: 400;\">. Responderemos conforme a la normativa vigente.<\/span><\/p>\n<p><span style=\"font-weight: 400;\">Tambi\u00e9n puede optar por no recibir comunicaciones de marketing directo o evitar que utilicemos sus datos con fines de perfilado escribi\u00e9ndonos a <\/span><b>info@villagemonde.com<\/b><span style=\"font-weight: 400;\">.<\/span><\/p>\n<p><span style=\"font-weight: 400;\">Tenga en cuenta que si no nos permite recopilar o procesar la informaci\u00f3n necesaria, o si retira su consentimiento, es posible que no pueda acceder o utilizar los servicios que requieren dicha informaci\u00f3n.<\/span><\/p>\n<p><b>Cookies y tecnolog\u00edas similares:<\/b><\/p>\n<p><span style=\"font-weight: 400;\">Para obtener m\u00e1s informaci\u00f3n sobre c\u00f3mo usamos cookies y tecnolog\u00edas similares, as\u00ed como sobre sus opciones respecto a ellas, consulte nuestra <\/span><span style=\"font-weight: 400;\">Pol\u00edtica de Cookies.<\/span><\/p>\n<p><b>Seguridad:<\/b><\/p>\n<p><span style=\"font-weight: 400;\">La seguridad de su informaci\u00f3n es importante para nosotros. Aplicamos medidas razonables para evitar la p\u00e9rdida, el mal uso o la alteraci\u00f3n no autorizada de la informaci\u00f3n bajo nuestro control.<\/span><span style=\"font-weight: 400;\"><br><\/span><span style=\"font-weight: 400;\">Sin embargo, debido a los riesgos inherentes al entorno digital, no podemos garantizar la seguridad absoluta, ni asegurar o garantizar la seguridad de cualquier informaci\u00f3n que usted nos transmita. Lo hace bajo su propio riesgo.<\/span><\/p>\n<p><b>Enlaces de terceros y uso de su informaci\u00f3n:<\/b><\/p>\n<p><span style=\"font-weight: 400;\">Nuestro Servicio puede contener enlaces a otros sitios web que no est\u00e1n operados por nosotros. Esta Pol\u00edtica de Privacidad no cubre las pol\u00edticas de privacidad ni las pr\u00e1cticas de terceros, incluidos los sitios o servicios accesibles mediante enlaces en nuestro Servicio.<\/span><\/p>\n<p><span style=\"font-weight: 400;\">Le recomendamos encarecidamente que revise la pol\u00edtica de privacidad de cada sitio que visite. No tenemos control ni asumimos responsabilidad alguna por el contenido, las pol\u00edticas de privacidad ni las pr\u00e1cticas de sitios o servicios de terceros.<\/span><\/p>\n<p><b>Responsabilidades de Village Monde:<\/b><\/p>\n<p><span style=\"font-weight: 400;\">Village Monde se compromete a:<\/span><\/p>\n<ul>\n<li style=\"font-weight: 400;\" aria-level=\"1\"><span style=\"font-weight: 400;\">Respetar la confidencialidad de la informaci\u00f3n personal<\/span><\/li>\n<li style=\"font-weight: 400;\" aria-level=\"1\"><span style=\"font-weight: 400;\">Capacitar a sus empleados y voluntarios en protecci\u00f3n de datos<\/span><\/li>\n<li style=\"font-weight: 400;\" aria-level=\"1\"><span style=\"font-weight: 400;\">Implementar procedimientos internos para garantizar el cumplimiento<\/span><\/li>\n<\/ul>\n<p><b>Responsable de reclamaciones \/ Protecci\u00f3n de datos:<\/b><\/p>\n<p><span style=\"font-weight: 400;\">Estamos comprometidos con la transparencia respecto a los datos personales que recopilamos, utilizamos y almacenamos.<\/span><\/p>\n<p><span style=\"font-weight: 400;\">Por favor, cont\u00e1ctenos si tiene alguna pregunta, comentario o queja sobre esta pol\u00edtica o sobre el tratamiento de su informaci\u00f3n personal. Abordaremos sus inquietudes conforme a la legislaci\u00f3n aplicable.<\/span><\/p>\n<p><b>Nombre de la persona responsable:<\/b><\/p>\n<p><span style=\"font-weight: 400;\">Tanya L\u00e9cuyer&nbsp;<\/span><span style=\"font-weight: 400;\"><br><\/span><span style=\"font-weight: 400;\">Village Monde&nbsp;<\/span><span style=\"font-weight: 400;\"><br><\/span><a href=\"mailto:tanya.lecuyer@villagemonde.com\"><span style=\"font-weight: 400;\">info@villagemonde.com<\/span><\/a><span style=\"font-weight: 400;\">&nbsp;<\/span><span style=\"font-weight: 400;\"><br><\/span><span style=\"font-weight: 400;\">4187 C\u00f4te de Cap-Rouge, QC, G1Y1V2&nbsp;<\/span><span style=\"font-weight: 400;\"><br><\/span><span style=\"font-weight: 400;\">418-317-6466&nbsp;<\/span><\/p>\t\t\t\t\t\t<\/div>\n\t\t\t\t<\/div>\n\t\t\t\t\t<\/div>\n\t\t<\/div>\n\t\t\t\t\t\t\t<\/div>\n\t\t<\/section>\n\t\t\t\t\t\t\t<\/div>\n\t\t","protected":false},"excerpt":{"rendered":"<p>Pol\u00edtica de privacidad \u00daltima actualizaci\u00f3n:&nbsp;4 de agosto de 2025Fecha de entrada en vigor: 4 de agosto de 2025 Esta Pol\u00edtica de Privacidad describe las pol\u00edticas de Fondation Village Monde, ubicada en 4187 C\u00f4te de Cap-Rouge, QC G1Y 1V2, Canad\u00e1, correo electr\u00f3nico: info@villagemonde.com, tel\u00e9fono: 418-317-6466, en relaci\u00f3n con la recopilaci\u00f3n, uso y divulgaci\u00f3n de su informaci\u00f3n [&hellip;]<\/p>\n","protected":false},"author":1,"featured_media":0,"parent":0,"menu_order":0,"comment_status":"closed","ping_status":"open","template":"","meta":{"inline_featured_image":false},"acf":[],"yoast_head":"<!-- This site is optimized with the Yoast SEO plugin v18.7 - https:\/\/yoast.com\/wordpress\/plugins\/seo\/ -->\n<title>Confidencialidad - Village Monde<\/title>\n<meta name=\"robots\" content=\"index, follow, max-snippet:-1, max-image-preview:large, max-video-preview:-1\" \/>\n<link rel=\"canonical\" href=\"https:\/\/villagemonde.com\/es\/confidencialidad\/\" \/>\n<meta property=\"og:locale\" content=\"es_ES\" \/>\n<meta property=\"og:type\" content=\"article\" \/>\n<meta property=\"og:title\" content=\"Confidencialidad - Village Monde\" \/>\n<meta property=\"og:description\" content=\"Pol\u00edtica de privacidad \u00daltima actualizaci\u00f3n:&nbsp;4 de agosto de 2025Fecha de entrada en vigor: 4 de agosto de 2025 Esta Pol\u00edtica de Privacidad describe las pol\u00edticas de Fondation Village Monde, ubicada en 4187 C\u00f4te de Cap-Rouge, QC G1Y 1V2, Canad\u00e1, correo electr\u00f3nico: info@villagemonde.com, tel\u00e9fono: 418-317-6466, en relaci\u00f3n con la recopilaci\u00f3n, uso y divulgaci\u00f3n de su informaci\u00f3n [&hellip;]\" \/>\n<meta property=\"og:url\" content=\"https:\/\/villagemonde.com\/es\/confidencialidad\/\" \/>\n<meta property=\"og:site_name\" content=\"Village Monde\" \/>\n<meta property=\"article:modified_time\" content=\"2025-08-06T17:16:39+00:00\" \/>\n<meta name=\"twitter:card\" content=\"summary_large_image\" \/>\n<meta name=\"twitter:label1\" content=\"Tiempo de lectura\" \/>\n\t<meta name=\"twitter:data1\" content=\"5 minutos\" \/>\n<script type=\"application\/ld+json\" class=\"yoast-schema-graph\">{\"@context\":\"https:\/\/schema.org\",\"@graph\":[{\"@type\":\"WebSite\",\"@id\":\"https:\/\/villagemonde.com\/#website\",\"url\":\"https:\/\/villagemonde.com\/\",\"name\":\"Village Monde\",\"description\":\"Just another WordPress site\",\"potentialAction\":[{\"@type\":\"SearchAction\",\"target\":{\"@type\":\"EntryPoint\",\"urlTemplate\":\"https:\/\/villagemonde.com\/?s={search_term_string}\"},\"query-input\":\"required name=search_term_string\"}],\"inLanguage\":\"es\"},{\"@type\":\"WebPage\",\"@id\":\"https:\/\/villagemonde.com\/es\/confidencialidad\/#webpage\",\"url\":\"https:\/\/villagemonde.com\/es\/confidencialidad\/\",\"name\":\"Confidencialidad - Village Monde\",\"isPartOf\":{\"@id\":\"https:\/\/villagemonde.com\/#website\"},\"datePublished\":\"2022-06-08T18:31:33+00:00\",\"dateModified\":\"2025-08-06T17:16:39+00:00\",\"breadcrumb\":{\"@id\":\"https:\/\/villagemonde.com\/es\/confidencialidad\/#breadcrumb\"},\"inLanguage\":\"es\",\"potentialAction\":[{\"@type\":\"ReadAction\",\"target\":[\"https:\/\/villagemonde.com\/es\/confidencialidad\/\"]}]},{\"@type\":\"BreadcrumbList\",\"@id\":\"https:\/\/villagemonde.com\/es\/confidencialidad\/#breadcrumb\",\"itemListElement\":[{\"@type\":\"ListItem\",\"position\":1,\"name\":\"Home\",\"item\":\"https:\/\/villagemonde.com\/es\/\"},{\"@type\":\"ListItem\",\"position\":2,\"name\":\"Confidencialidad\"}]}]}<\/script>\n<!-- \/ Yoast SEO plugin. -->","yoast_head_json":{"title":"Confidencialidad - Village Monde","robots":{"index":"index","follow":"follow","max-snippet":"max-snippet:-1","max-image-preview":"max-image-preview:large","max-video-preview":"max-video-preview:-1"},"canonical":"https:\/\/villagemonde.com\/es\/confidencialidad\/","og_locale":"es_ES","og_type":"article","og_title":"Confidencialidad - Village Monde","og_description":"Pol\u00edtica de privacidad \u00daltima actualizaci\u00f3n:&nbsp;4 de agosto de 2025Fecha de entrada en vigor: 4 de agosto de 2025 Esta Pol\u00edtica de Privacidad describe las pol\u00edticas de Fondation Village Monde, ubicada en 4187 C\u00f4te de Cap-Rouge, QC G1Y 1V2, Canad\u00e1, correo electr\u00f3nico: info@villagemonde.com, tel\u00e9fono: 418-317-6466, en relaci\u00f3n con la recopilaci\u00f3n, uso y divulgaci\u00f3n de su informaci\u00f3n [&hellip;]","og_url":"https:\/\/villagemonde.com\/es\/confidencialidad\/","og_site_name":"Village Monde","article_modified_time":"2025-08-06T17:16:39+00:00","twitter_card":"summary_large_image","twitter_misc":{"Tiempo de lectura":"5 minutos"},"schema":{"@context":"https:\/\/schema.org","@graph":[{"@type":"WebSite","@id":"https:\/\/villagemonde.com\/#website","url":"https:\/\/villagemonde.com\/","name":"Village Monde","description":"Just another WordPress site","potentialAction":[{"@type":"SearchAction","target":{"@type":"EntryPoint","urlTemplate":"https:\/\/villagemonde.com\/?s={search_term_string}"},"query-input":"required name=search_term_string"}],"inLanguage":"es"},{"@type":"WebPage","@id":"https:\/\/villagemonde.com\/es\/confidencialidad\/#webpage","url":"https:\/\/villagemonde.com\/es\/confidencialidad\/","name":"Confidencialidad - Village Monde","isPartOf":{"@id":"https:\/\/villagemonde.com\/#website"},"datePublished":"2022-06-08T18:31:33+00:00","dateModified":"2025-08-06T17:16:39+00:00","breadcrumb":{"@id":"https:\/\/villagemonde.com\/es\/confidencialidad\/#breadcrumb"},"inLanguage":"es","potentialAction":[{"@type":"ReadAction","target":["https:\/\/villagemonde.com\/es\/confidencialidad\/"]}]},{"@type":"BreadcrumbList","@id":"https:\/\/villagemonde.com\/es\/confidencialidad\/#breadcrumb","itemListElement":[{"@type":"ListItem","position":1,"name":"Home","item":"https:\/\/villagemonde.com\/es\/"},{"@type":"ListItem","position":2,"name":"Confidencialidad"}]}]}},"_links":{"self":[{"href":"https:\/\/villagemonde.com\/es\/wp-json\/wp\/v2\/pages\/267"}],"collection":[{"href":"https:\/\/villagemonde.com\/es\/wp-json\/wp\/v2\/pages"}],"about":[{"href":"https:\/\/villagemonde.com\/es\/wp-json\/wp\/v2\/types\/page"}],"author":[{"embeddable":true,"href":"https:\/\/villagemonde.com\/es\/wp-json\/wp\/v2\/users\/1"}],"replies":[{"embeddable":true,"href":"https:\/\/villagemonde.com\/es\/wp-json\/wp\/v2\/comments?post=267"}],"version-history":[{"count":15,"href":"https:\/\/villagemonde.com\/es\/wp-json\/wp\/v2\/pages\/267\/revisions"}],"predecessor-version":[{"id":23387,"href":"https:\/\/villagemonde.com\/es\/wp-json\/wp\/v2\/pages\/267\/revisions\/23387"}],"wp:attachment":[{"href":"https:\/\/villagemonde.com\/es\/wp-json\/wp\/v2\/media?parent=267"}],"curies":[{"name":"wp","href":"https:\/\/api.w.org\/{rel}","templated":true}]}}