{"id":23301,"date":"2025-08-04T19:21:59","date_gmt":"2025-08-04T19:21:59","guid":{"rendered":"https:\/\/villagemonde.com\/politique-cookies\/"},"modified":"2025-08-06T17:36:53","modified_gmt":"2025-08-06T17:36:53","slug":"politica-cookies","status":"publish","type":"page","link":"https:\/\/villagemonde.com\/es\/politica-cookies\/","title":{"rendered":"Pol\u00edtica de cookies"},"content":{"rendered":"\t\t<div data-elementor-type=\"wp-page\" data-elementor-id=\"23301\" class=\"elementor elementor-23301 elementor-23282\">\n\t\t\t\t\t\t\t\t\t<section class=\"elementor-section elementor-top-section elementor-element elementor-element-8181122 elementor-section-boxed elementor-section-height-default elementor-section-height-default\" data-id=\"8181122\" data-element_type=\"section\">\n\t\t\t\t\t\t<div class=\"elementor-container elementor-column-gap-default\">\n\t\t\t\t\t<div class=\"elementor-column elementor-col-100 elementor-top-column elementor-element elementor-element-1eebfce\" data-id=\"1eebfce\" data-element_type=\"column\">\n\t\t\t<div class=\"elementor-widget-wrap elementor-element-populated\">\n\t\t\t\t\t\t\t\t<div class=\"elementor-element elementor-element-1ecc630 elementor-widget elementor-widget-text-editor\" data-id=\"1ecc630\" data-element_type=\"widget\" data-widget_type=\"text-editor.default\">\n\t\t\t\t<div class=\"elementor-widget-container\">\n\t\t\t<style>\/*! elementor - v3.6.6 - 08-06-2022 *\/\n.elementor-widget-text-editor.elementor-drop-cap-view-stacked .elementor-drop-cap{background-color:#818a91;color:#fff}.elementor-widget-text-editor.elementor-drop-cap-view-framed .elementor-drop-cap{color:#818a91;border:3px solid;background-color:transparent}.elementor-widget-text-editor:not(.elementor-drop-cap-view-default) .elementor-drop-cap{margin-top:8px}.elementor-widget-text-editor:not(.elementor-drop-cap-view-default) .elementor-drop-cap-letter{width:1em;height:1em}.elementor-widget-text-editor .elementor-drop-cap{float:left;text-align:center;line-height:1;font-size:50px}.elementor-widget-text-editor .elementor-drop-cap-letter{display:inline-block}<\/style>\t\t\t\t<p><style>\n    a.cky-banner-element {<br \/>        padding: 8px 30px;<br \/>        background: #F8F9FA;<br \/>        color: #858A8F;<br \/>        border: 1px solid #DEE2E6;<br \/>        box-sizing: border-box;<br \/>        border-radius: 2px;<br \/>        cursor: pointer;<br \/>}<br \/><\/style><\/p><h2 class=\"cookie-policy-h1\">Pol\u00edtica de cookies<\/h2><p>\u00daltima actualizaci\u00f3n: 4 de agosto de 2025<\/p><h3><span style=\"font-size: 16px;\">\u00bfQu\u00e9 son las cookies?<\/span><\/h3><div class=\"cookie-policy-p\"><p>La presente pol\u00edtica de cookies explica qu\u00e9 son las cookies y c\u00f3mo las utilizamos, los tipos de cookies que utilizamos, es decir, la informaci\u00f3n que recopilamos mediante las cookies y c\u00f3mo se utiliza dicha informaci\u00f3n, as\u00ed como la forma de gestionar la configuraci\u00f3n de las cookies.<\/p><p>Las cookies son peque\u00f1os archivos de texto que se utilizan para almacenar peque\u00f1os elementos de informaci\u00f3n. Se almacenan en su dispositivo cuando el sitio web se carga en su navegador. Estas cookies nos ayudan a que el sitio web funcione correctamente, a hacerlo m\u00e1s seguro, a ofrecer una mejor experiencia al usuario, a comprender c\u00f3mo funciona el sitio web y a analizar qu\u00e9 funciona y qu\u00e9 hay que mejorar.<\/p><\/div><h3>\u00bfC\u00f3mo utilizamos las cookies?<\/h3><p>Al igual que la mayor\u00eda de los servicios en l\u00ednea, nuestro sitio web utiliza cookies propias y de terceros para diversos fines. Las cookies propias son esenciales para el correcto funcionamiento del sitio web y no recopilan ning\u00fan dato personal identificable.<\/p><p>Las cookies de terceros utilizadas en nuestro sitio web sirven principalmente para comprender c\u00f3mo funciona el sitio web, c\u00f3mo interact\u00faa usted con nuestro sitio web, garantizar la seguridad de nuestros servicios, proporcionarle anuncios relevantes para usted y, en general, ofrecerle una experiencia de usuario mejor y optimizada, as\u00ed como agilizar sus futuras interacciones con nuestro sitio web.<\/p><h3>Tipos de cookies que utilizamos (Solo en franc\u00e9s)<\/h3><div class=\"cky-audit-table-element\">\u00a0<\/div><h4>Gesti\u00f3n de las preferencias de cookies<\/h4><div style=\"margin: 16px 0;\"><a class=\"cky-banner-element\">Preferencias de cookies<\/a><\/div><div><p>Puede modificar sus preferencias en materia de cookies en cualquier momento haciendo clic en el bot\u00f3n anterior. Esto le permitir\u00e1 volver al banner de consentimiento de cookies y modificar sus preferencias o retirar su consentimiento de forma inmediata. Adem\u00e1s, los navegadores ofrecen diferentes m\u00e9todos para bloquear y eliminar las cookies utilizadas por los sitios web. Puede modificar la configuraci\u00f3n de su navegador para bloquear\/eliminar las cookies. A continuaci\u00f3n encontrar\u00e1 enlaces a documentos de ayuda relacionados con la gesti\u00f3n y eliminaci\u00f3n de cookies en los principales navegadores web.<\/p><p>Chrome : <a href=\"https:\/\/support.google.com\/accounts\/answer\/32050\">https:\/\/support.google.com\/accounts\/answer\/32050<\/a><\/p><p>Safari : <a href=\"https:\/\/support.apple.com\/en-in\/guide\/safari\/sfri11471\/mac\">https:\/\/support.apple.com\/en-in\/guide\/safari\/sfri11471\/mac<\/a><\/p><p>Firefox : <a href=\"https:\/\/support.mozilla.org\/en-US\/kb\/clear-cookies-and-site-data-firefox?redirectslug=delete-cookies-remove-info-websites-stored&amp;redirectlocale=en-US\">https:\/\/support.mozilla.org\/en-US\/kb\/clear-cookies-and-site-data-firefox?redirectslug=delete-cookies-remove-info-websites-stored&amp;redirectlocale=en-US<\/a><\/p><p>Internet Explorer : <a href=\"https:\/\/support.microsoft.com\/en-us\/topic\/how-to-delete-cookie-files-in-internet-explorer-bca9446f-d873-78de-77ba-d42645fa52fc\">https:\/\/support.microsoft.com\/en-us\/topic\/how-to-delete-cookie-files-in-internet-explorer-bca9446f-d873-78de-77ba-d42645fa52fc<\/a><\/p><p>Si utiliza otro navegador web, consulte la documentaci\u00f3n de ayuda oficial de su navegador.<\/p><\/div>\t\t\t\t\t\t<\/div>\n\t\t\t\t<\/div>\n\t\t\t\t\t<\/div>\n\t\t<\/div>\n\t\t\t\t\t\t\t<\/div>\n\t\t<\/section>\n\t\t\t\t\t\t\t<\/div>\n\t\t","protected":false},"excerpt":{"rendered":"<p>Pol\u00edtica de cookies \u00daltima actualizaci\u00f3n: 4 de agosto de 2025 \u00bfQu\u00e9 son las cookies? La presente pol\u00edtica de cookies explica qu\u00e9 son las cookies y c\u00f3mo las utilizamos, los tipos de cookies que utilizamos, es decir, la informaci\u00f3n que recopilamos mediante las cookies y c\u00f3mo se utiliza dicha informaci\u00f3n, as\u00ed como la forma de gestionar [&hellip;]<\/p>\n","protected":false},"author":1,"featured_media":0,"parent":0,"menu_order":0,"comment_status":"closed","ping_status":"closed","template":"","meta":{"inline_featured_image":false},"acf":[],"yoast_head":"<!-- This site is optimized with the Yoast SEO plugin v18.7 - https:\/\/yoast.com\/wordpress\/plugins\/seo\/ -->\n<title>Pol\u00edtica de cookies - Village Monde<\/title>\n<meta name=\"robots\" content=\"index, follow, max-snippet:-1, max-image-preview:large, max-video-preview:-1\" \/>\n<link rel=\"canonical\" href=\"https:\/\/villagemonde.com\/es\/politica-cookies\/\" \/>\n<meta property=\"og:locale\" content=\"es_ES\" \/>\n<meta property=\"og:type\" content=\"article\" \/>\n<meta property=\"og:title\" content=\"Pol\u00edtica de cookies - Village Monde\" \/>\n<meta property=\"og:description\" content=\"Pol\u00edtica de cookies \u00daltima actualizaci\u00f3n: 4 de agosto de 2025 \u00bfQu\u00e9 son las cookies? La presente pol\u00edtica de cookies explica qu\u00e9 son las cookies y c\u00f3mo las utilizamos, los tipos de cookies que utilizamos, es decir, la informaci\u00f3n que recopilamos mediante las cookies y c\u00f3mo se utiliza dicha informaci\u00f3n, as\u00ed como la forma de gestionar [&hellip;]\" \/>\n<meta property=\"og:url\" content=\"https:\/\/villagemonde.com\/es\/politica-cookies\/\" \/>\n<meta property=\"og:site_name\" content=\"Village Monde\" \/>\n<meta property=\"article:modified_time\" content=\"2025-08-06T17:36:53+00:00\" \/>\n<meta name=\"twitter:card\" content=\"summary_large_image\" \/>\n<meta name=\"twitter:label1\" content=\"Tiempo de lectura\" \/>\n\t<meta name=\"twitter:data1\" content=\"7 minutos\" \/>\n<script type=\"application\/ld+json\" class=\"yoast-schema-graph\">{\"@context\":\"https:\/\/schema.org\",\"@graph\":[{\"@type\":\"WebSite\",\"@id\":\"https:\/\/villagemonde.com\/#website\",\"url\":\"https:\/\/villagemonde.com\/\",\"name\":\"Village Monde\",\"description\":\"Just another WordPress site\",\"potentialAction\":[{\"@type\":\"SearchAction\",\"target\":{\"@type\":\"EntryPoint\",\"urlTemplate\":\"https:\/\/villagemonde.com\/?s={search_term_string}\"},\"query-input\":\"required name=search_term_string\"}],\"inLanguage\":\"es\"},{\"@type\":\"WebPage\",\"@id\":\"https:\/\/villagemonde.com\/es\/politica-cookies\/#webpage\",\"url\":\"https:\/\/villagemonde.com\/es\/politica-cookies\/\",\"name\":\"Pol\u00edtica de cookies - Village Monde\",\"isPartOf\":{\"@id\":\"https:\/\/villagemonde.com\/#website\"},\"datePublished\":\"2025-08-04T19:21:59+00:00\",\"dateModified\":\"2025-08-06T17:36:53+00:00\",\"breadcrumb\":{\"@id\":\"https:\/\/villagemonde.com\/es\/politica-cookies\/#breadcrumb\"},\"inLanguage\":\"es\",\"potentialAction\":[{\"@type\":\"ReadAction\",\"target\":[\"https:\/\/villagemonde.com\/es\/politica-cookies\/\"]}]},{\"@type\":\"BreadcrumbList\",\"@id\":\"https:\/\/villagemonde.com\/es\/politica-cookies\/#breadcrumb\",\"itemListElement\":[{\"@type\":\"ListItem\",\"position\":1,\"name\":\"Home\",\"item\":\"https:\/\/villagemonde.com\/es\/\"},{\"@type\":\"ListItem\",\"position\":2,\"name\":\"Pol\u00edtica de cookies\"}]}]}<\/script>\n<!-- \/ Yoast SEO plugin. -->","yoast_head_json":{"title":"Pol\u00edtica de cookies - Village Monde","robots":{"index":"index","follow":"follow","max-snippet":"max-snippet:-1","max-image-preview":"max-image-preview:large","max-video-preview":"max-video-preview:-1"},"canonical":"https:\/\/villagemonde.com\/es\/politica-cookies\/","og_locale":"es_ES","og_type":"article","og_title":"Pol\u00edtica de cookies - Village Monde","og_description":"Pol\u00edtica de cookies \u00daltima actualizaci\u00f3n: 4 de agosto de 2025 \u00bfQu\u00e9 son las cookies? La presente pol\u00edtica de cookies explica qu\u00e9 son las cookies y c\u00f3mo las utilizamos, los tipos de cookies que utilizamos, es decir, la informaci\u00f3n que recopilamos mediante las cookies y c\u00f3mo se utiliza dicha informaci\u00f3n, as\u00ed como la forma de gestionar [&hellip;]","og_url":"https:\/\/villagemonde.com\/es\/politica-cookies\/","og_site_name":"Village Monde","article_modified_time":"2025-08-06T17:36:53+00:00","twitter_card":"summary_large_image","twitter_misc":{"Tiempo de lectura":"7 minutos"},"schema":{"@context":"https:\/\/schema.org","@graph":[{"@type":"WebSite","@id":"https:\/\/villagemonde.com\/#website","url":"https:\/\/villagemonde.com\/","name":"Village Monde","description":"Just another WordPress site","potentialAction":[{"@type":"SearchAction","target":{"@type":"EntryPoint","urlTemplate":"https:\/\/villagemonde.com\/?s={search_term_string}"},"query-input":"required name=search_term_string"}],"inLanguage":"es"},{"@type":"WebPage","@id":"https:\/\/villagemonde.com\/es\/politica-cookies\/#webpage","url":"https:\/\/villagemonde.com\/es\/politica-cookies\/","name":"Pol\u00edtica de cookies - Village Monde","isPartOf":{"@id":"https:\/\/villagemonde.com\/#website"},"datePublished":"2025-08-04T19:21:59+00:00","dateModified":"2025-08-06T17:36:53+00:00","breadcrumb":{"@id":"https:\/\/villagemonde.com\/es\/politica-cookies\/#breadcrumb"},"inLanguage":"es","potentialAction":[{"@type":"ReadAction","target":["https:\/\/villagemonde.com\/es\/politica-cookies\/"]}]},{"@type":"BreadcrumbList","@id":"https:\/\/villagemonde.com\/es\/politica-cookies\/#breadcrumb","itemListElement":[{"@type":"ListItem","position":1,"name":"Home","item":"https:\/\/villagemonde.com\/es\/"},{"@type":"ListItem","position":2,"name":"Pol\u00edtica de cookies"}]}]}},"_links":{"self":[{"href":"https:\/\/villagemonde.com\/es\/wp-json\/wp\/v2\/pages\/23301"}],"collection":[{"href":"https:\/\/villagemonde.com\/es\/wp-json\/wp\/v2\/pages"}],"about":[{"href":"https:\/\/villagemonde.com\/es\/wp-json\/wp\/v2\/types\/page"}],"author":[{"embeddable":true,"href":"https:\/\/villagemonde.com\/es\/wp-json\/wp\/v2\/users\/1"}],"replies":[{"embeddable":true,"href":"https:\/\/villagemonde.com\/es\/wp-json\/wp\/v2\/comments?post=23301"}],"version-history":[{"count":7,"href":"https:\/\/villagemonde.com\/es\/wp-json\/wp\/v2\/pages\/23301\/revisions"}],"predecessor-version":[{"id":23405,"href":"https:\/\/villagemonde.com\/es\/wp-json\/wp\/v2\/pages\/23301\/revisions\/23405"}],"wp:attachment":[{"href":"https:\/\/villagemonde.com\/es\/wp-json\/wp\/v2\/media?parent=23301"}],"curies":[{"name":"wp","href":"https:\/\/api.w.org\/{rel}","templated":true}]}}