{"id":12613,"date":"2023-06-08T21:06:34","date_gmt":"2023-06-08T21:06:34","guid":{"rendered":"https:\/\/villagemonde.com\/?page_id=12613"},"modified":"2026-02-16T21:19:56","modified_gmt":"2026-02-16T21:19:56","slug":"reportes-anuales","status":"publish","type":"page","link":"https:\/\/villagemonde.com\/es\/reportes-anuales\/","title":{"rendered":"Reportes Anuales"},"content":{"rendered":"\t\t<div data-elementor-type=\"wp-page\" data-elementor-id=\"12613\" class=\"elementor elementor-12613 elementor-12576\">\n\t\t\t\t\t\t\t\t\t<section class=\"elementor-section elementor-top-section elementor-element elementor-element-1386a53b elementor-section-stretched elementor-section-boxed elementor-section-height-default elementor-section-height-default\" data-id=\"1386a53b\" data-element_type=\"section\" data-settings=\"{&quot;stretch_section&quot;:&quot;section-stretched&quot;,&quot;background_background&quot;:&quot;classic&quot;}\">\n\t\t\t\t\t\t<div class=\"elementor-container elementor-column-gap-no\">\n\t\t\t\t\t<div class=\"elementor-column elementor-col-100 elementor-top-column elementor-element elementor-element-f17233d\" data-id=\"f17233d\" data-element_type=\"column\">\n\t\t\t<div class=\"elementor-widget-wrap elementor-element-populated\">\n\t\t\t\t\t\t\t\t<div class=\"elementor-element elementor-element-1bfce255 elementor-widget elementor-widget-heading\" data-id=\"1bfce255\" data-element_type=\"widget\" data-widget_type=\"heading.default\">\n\t\t\t\t<div class=\"elementor-widget-container\">\n\t\t\t<style>\/*! elementor - v3.6.6 - 08-06-2022 *\/\n.elementor-heading-title{padding:0;margin:0;line-height:1}.elementor-widget-heading .elementor-heading-title[class*=elementor-size-]>a{color:inherit;font-size:inherit;line-height:inherit}.elementor-widget-heading .elementor-heading-title.elementor-size-small{font-size:15px}.elementor-widget-heading .elementor-heading-title.elementor-size-medium{font-size:19px}.elementor-widget-heading .elementor-heading-title.elementor-size-large{font-size:29px}.elementor-widget-heading .elementor-heading-title.elementor-size-xl{font-size:39px}.elementor-widget-heading .elementor-heading-title.elementor-size-xxl{font-size:59px}<\/style><h1 class=\"elementor-heading-title elementor-size-default\">Reportes anuales<\/h1>\t\t<\/div>\n\t\t\t\t<\/div>\n\t\t\t\t\t<\/div>\n\t\t<\/div>\n\t\t\t\t\t\t\t<\/div>\n\t\t<\/section>\n\t\t\t\t<section class=\"elementor-section elementor-top-section elementor-element elementor-element-b090b40 elementor-section-boxed elementor-section-height-default elementor-section-height-default\" data-id=\"b090b40\" data-element_type=\"section\">\n\t\t\t\t\t\t<div class=\"elementor-container elementor-column-gap-default\">\n\t\t\t\t\t<div class=\"elementor-column elementor-col-100 elementor-top-column elementor-element elementor-element-90fbf08\" data-id=\"90fbf08\" data-element_type=\"column\">\n\t\t\t<div class=\"elementor-widget-wrap elementor-element-populated\">\n\t\t\t\t\t\t\t\t<section class=\"elementor-section elementor-inner-section elementor-element elementor-element-d12697e elementor-section-boxed elementor-section-height-default elementor-section-height-default\" data-id=\"d12697e\" data-element_type=\"section\">\n\t\t\t\t\t\t<div class=\"elementor-container elementor-column-gap-default\">\n\t\t\t\t\t<div class=\"elementor-column elementor-col-33 elementor-inner-column elementor-element elementor-element-af8881d\" data-id=\"af8881d\" data-element_type=\"column\">\n\t\t\t<div class=\"elementor-widget-wrap elementor-element-populated\">\n\t\t\t\t\t\t\t\t<div class=\"elementor-element elementor-element-0ae224c elementor-widget elementor-widget-heading\" data-id=\"0ae224c\" data-element_type=\"widget\" data-widget_type=\"heading.default\">\n\t\t\t\t<div class=\"elementor-widget-container\">\n\t\t\t<h2 class=\"elementor-heading-title elementor-size-default\"><a href=\"\/wp-content\/uploads\/2023\/06\/Rapport-activites-Village-Monde_2021.pdf\" target=\"_blank\">Rapport d'activit\u00e9s 2021<\/a><\/h2>\t\t<\/div>\n\t\t\t\t<\/div>\n\t\t\t\t\t<\/div>\n\t\t<\/div>\n\t\t\t\t<div class=\"elementor-column elementor-col-33 elementor-inner-column elementor-element elementor-element-11efecd\" data-id=\"11efecd\" data-element_type=\"column\">\n\t\t\t<div class=\"elementor-widget-wrap elementor-element-populated\">\n\t\t\t\t\t\t\t\t<div class=\"elementor-element elementor-element-ef1d117 elementor-widget elementor-widget-heading\" data-id=\"ef1d117\" data-element_type=\"widget\" data-widget_type=\"heading.default\">\n\t\t\t\t<div class=\"elementor-widget-container\">\n\t\t\t<h2 class=\"elementor-heading-title elementor-size-default\"><a href=\"\/wp-content\/uploads\/2023\/06\/Rapport-dactivites-2022.pdf\">Rapport d'activit\u00e9s 2022<\/a><\/h2>\t\t<\/div>\n\t\t\t\t<\/div>\n\t\t\t\t\t<\/div>\n\t\t<\/div>\n\t\t\t\t<div class=\"elementor-column elementor-col-33 elementor-inner-column elementor-element elementor-element-3cf06b1\" data-id=\"3cf06b1\" data-element_type=\"column\">\n\t\t\t<div class=\"elementor-widget-wrap elementor-element-populated\">\n\t\t\t\t\t\t\t\t<div class=\"elementor-element elementor-element-70ba32d elementor-widget elementor-widget-heading\" data-id=\"70ba32d\" data-element_type=\"widget\" data-widget_type=\"heading.default\">\n\t\t\t\t<div class=\"elementor-widget-container\">\n\t\t\t<h2 class=\"elementor-heading-title elementor-size-medium\"><a href=\"https:\/\/villagemonde.com\/wp-content\/uploads\/2024\/05\/Rapport-dactivites2023_Village-Monde-compressed.pdf\"><span style=\"color: rgb(0, 0, 0); font-size: 22px;\">Rapport d'activit\u00e9s 2023<\/span><\/a><\/h2>\t\t<\/div>\n\t\t\t\t<\/div>\n\t\t\t\t\t<\/div>\n\t\t<\/div>\n\t\t\t\t\t\t\t<\/div>\n\t\t<\/section>\n\t\t\t\t\t<\/div>\n\t\t<\/div>\n\t\t\t\t\t\t\t<\/div>\n\t\t<\/section>\n\t\t\t\t<section class=\"elementor-section elementor-top-section elementor-element elementor-element-8d90a61 elementor-section-boxed elementor-section-height-default elementor-section-height-default\" data-id=\"8d90a61\" data-element_type=\"section\">\n\t\t\t\t\t\t<div class=\"elementor-container elementor-column-gap-default\">\n\t\t\t\t\t<div class=\"elementor-column elementor-col-100 elementor-top-column elementor-element elementor-element-e075fcf\" data-id=\"e075fcf\" data-element_type=\"column\">\n\t\t\t<div class=\"elementor-widget-wrap elementor-element-populated\">\n\t\t\t\t\t\t\t\t<section class=\"elementor-section elementor-inner-section elementor-element elementor-element-7ca22c2 elementor-section-boxed elementor-section-height-default elementor-section-height-default\" data-id=\"7ca22c2\" data-element_type=\"section\">\n\t\t\t\t\t\t<div class=\"elementor-container elementor-column-gap-default\">\n\t\t\t\t\t<div class=\"elementor-column elementor-col-33 elementor-inner-column elementor-element elementor-element-585a598\" data-id=\"585a598\" data-element_type=\"column\">\n\t\t\t<div class=\"elementor-widget-wrap elementor-element-populated\">\n\t\t\t\t\t\t\t\t<div class=\"elementor-element elementor-element-fb861bb elementor-widget elementor-widget-heading\" data-id=\"fb861bb\" data-element_type=\"widget\" data-widget_type=\"heading.default\">\n\t\t\t\t<div class=\"elementor-widget-container\">\n\t\t\t<h2 class=\"elementor-heading-title elementor-size-default\"><a href=\"https:\/\/villagemonde.com\/wp-content\/uploads\/2025\/07\/Rapport-activites-2024_Village-Monde.pdf\" target=\"_blank\">Rapport d'activit\u00e9s 2024<\/a><\/h2>\t\t<\/div>\n\t\t\t\t<\/div>\n\t\t\t\t\t<\/div>\n\t\t<\/div>\n\t\t\t\t<div class=\"elementor-column elementor-col-33 elementor-inner-column elementor-element elementor-element-a537920\" data-id=\"a537920\" data-element_type=\"column\">\n\t\t\t<div class=\"elementor-widget-wrap elementor-element-populated\">\n\t\t\t\t\t\t\t\t<div class=\"elementor-element elementor-element-8353d9b elementor-widget elementor-widget-heading\" data-id=\"8353d9b\" data-element_type=\"widget\" data-widget_type=\"heading.default\">\n\t\t\t\t<div class=\"elementor-widget-container\">\n\t\t\t<h2 class=\"elementor-heading-title elementor-size-default\"><a href=\"https:\/\/villagemonde.com\/wp-content\/uploads\/2026\/02\/Rapport-activites-annuel-2025_Village-Monde.pdf\">Rapport d'activit\u00e9s 2025<\/a><\/h2>\t\t<\/div>\n\t\t\t\t<\/div>\n\t\t\t\t\t<\/div>\n\t\t<\/div>\n\t\t\t\t<div class=\"elementor-column elementor-col-33 elementor-inner-column elementor-element elementor-element-3b12743\" data-id=\"3b12743\" data-element_type=\"column\">\n\t\t\t<div class=\"elementor-widget-wrap elementor-element-populated\">\n\t\t\t\t\t\t\t\t\t<\/div>\n\t\t<\/div>\n\t\t\t\t\t\t\t<\/div>\n\t\t<\/section>\n\t\t\t\t\t<\/div>\n\t\t<\/div>\n\t\t\t\t\t\t\t<\/div>\n\t\t<\/section>\n\t\t\t\t\t\t\t<\/div>\n\t\t","protected":false},"excerpt":{"rendered":"<p>Reportes anuales Rapport d&#8217;activit\u00e9s 2021 Rapport d&#8217;activit\u00e9s 2022 Rapport d&#8217;activit\u00e9s 2023 Rapport d&#8217;activit\u00e9s 2024 Rapport d&#8217;activit\u00e9s 2025<\/p>\n","protected":false},"author":2,"featured_media":0,"parent":0,"menu_order":0,"comment_status":"closed","ping_status":"closed","template":"","meta":{"inline_featured_image":false},"acf":[],"yoast_head":"<!-- This site is optimized with the Yoast SEO plugin v18.7 - https:\/\/yoast.com\/wordpress\/plugins\/seo\/ -->\n<title>Reportes Anuales - Village Monde<\/title>\n<meta name=\"robots\" content=\"index, follow, max-snippet:-1, max-image-preview:large, max-video-preview:-1\" \/>\n<link rel=\"canonical\" href=\"https:\/\/villagemonde.com\/es\/reportes-anuales\/\" \/>\n<meta property=\"og:locale\" content=\"es_ES\" \/>\n<meta property=\"og:type\" content=\"article\" \/>\n<meta property=\"og:title\" content=\"Reportes Anuales - Village Monde\" \/>\n<meta property=\"og:description\" content=\"Reportes anuales Rapport d&#8217;activit\u00e9s 2021 Rapport d&#8217;activit\u00e9s 2022 Rapport d&#8217;activit\u00e9s 2023 Rapport d&#8217;activit\u00e9s 2024 Rapport d&#8217;activit\u00e9s 2025\" \/>\n<meta property=\"og:url\" content=\"https:\/\/villagemonde.com\/es\/reportes-anuales\/\" \/>\n<meta property=\"og:site_name\" content=\"Village Monde\" \/>\n<meta property=\"article:modified_time\" content=\"2026-02-16T21:19:56+00:00\" \/>\n<meta name=\"twitter:card\" content=\"summary_large_image\" \/>\n<meta name=\"twitter:label1\" content=\"Tiempo de lectura\" \/>\n\t<meta name=\"twitter:data1\" content=\"1 minuto\" \/>\n<script type=\"application\/ld+json\" class=\"yoast-schema-graph\">{\"@context\":\"https:\/\/schema.org\",\"@graph\":[{\"@type\":\"WebSite\",\"@id\":\"https:\/\/villagemonde.com\/#website\",\"url\":\"https:\/\/villagemonde.com\/\",\"name\":\"Village Monde\",\"description\":\"Just another WordPress site\",\"potentialAction\":[{\"@type\":\"SearchAction\",\"target\":{\"@type\":\"EntryPoint\",\"urlTemplate\":\"https:\/\/villagemonde.com\/?s={search_term_string}\"},\"query-input\":\"required name=search_term_string\"}],\"inLanguage\":\"es\"},{\"@type\":\"WebPage\",\"@id\":\"https:\/\/villagemonde.com\/es\/reportes-anuales\/#webpage\",\"url\":\"https:\/\/villagemonde.com\/es\/reportes-anuales\/\",\"name\":\"Reportes Anuales - Village Monde\",\"isPartOf\":{\"@id\":\"https:\/\/villagemonde.com\/#website\"},\"datePublished\":\"2023-06-08T21:06:34+00:00\",\"dateModified\":\"2026-02-16T21:19:56+00:00\",\"breadcrumb\":{\"@id\":\"https:\/\/villagemonde.com\/es\/reportes-anuales\/#breadcrumb\"},\"inLanguage\":\"es\",\"potentialAction\":[{\"@type\":\"ReadAction\",\"target\":[\"https:\/\/villagemonde.com\/es\/reportes-anuales\/\"]}]},{\"@type\":\"BreadcrumbList\",\"@id\":\"https:\/\/villagemonde.com\/es\/reportes-anuales\/#breadcrumb\",\"itemListElement\":[{\"@type\":\"ListItem\",\"position\":1,\"name\":\"Home\",\"item\":\"https:\/\/villagemonde.com\/es\/\"},{\"@type\":\"ListItem\",\"position\":2,\"name\":\"Reportes Anuales\"}]}]}<\/script>\n<!-- \/ Yoast SEO plugin. -->","yoast_head_json":{"title":"Reportes Anuales - Village Monde","robots":{"index":"index","follow":"follow","max-snippet":"max-snippet:-1","max-image-preview":"max-image-preview:large","max-video-preview":"max-video-preview:-1"},"canonical":"https:\/\/villagemonde.com\/es\/reportes-anuales\/","og_locale":"es_ES","og_type":"article","og_title":"Reportes Anuales - Village Monde","og_description":"Reportes anuales Rapport d&#8217;activit\u00e9s 2021 Rapport d&#8217;activit\u00e9s 2022 Rapport d&#8217;activit\u00e9s 2023 Rapport d&#8217;activit\u00e9s 2024 Rapport d&#8217;activit\u00e9s 2025","og_url":"https:\/\/villagemonde.com\/es\/reportes-anuales\/","og_site_name":"Village Monde","article_modified_time":"2026-02-16T21:19:56+00:00","twitter_card":"summary_large_image","twitter_misc":{"Tiempo de lectura":"1 minuto"},"schema":{"@context":"https:\/\/schema.org","@graph":[{"@type":"WebSite","@id":"https:\/\/villagemonde.com\/#website","url":"https:\/\/villagemonde.com\/","name":"Village Monde","description":"Just another WordPress site","potentialAction":[{"@type":"SearchAction","target":{"@type":"EntryPoint","urlTemplate":"https:\/\/villagemonde.com\/?s={search_term_string}"},"query-input":"required name=search_term_string"}],"inLanguage":"es"},{"@type":"WebPage","@id":"https:\/\/villagemonde.com\/es\/reportes-anuales\/#webpage","url":"https:\/\/villagemonde.com\/es\/reportes-anuales\/","name":"Reportes Anuales - Village Monde","isPartOf":{"@id":"https:\/\/villagemonde.com\/#website"},"datePublished":"2023-06-08T21:06:34+00:00","dateModified":"2026-02-16T21:19:56+00:00","breadcrumb":{"@id":"https:\/\/villagemonde.com\/es\/reportes-anuales\/#breadcrumb"},"inLanguage":"es","potentialAction":[{"@type":"ReadAction","target":["https:\/\/villagemonde.com\/es\/reportes-anuales\/"]}]},{"@type":"BreadcrumbList","@id":"https:\/\/villagemonde.com\/es\/reportes-anuales\/#breadcrumb","itemListElement":[{"@type":"ListItem","position":1,"name":"Home","item":"https:\/\/villagemonde.com\/es\/"},{"@type":"ListItem","position":2,"name":"Reportes Anuales"}]}]}},"_links":{"self":[{"href":"https:\/\/villagemonde.com\/es\/wp-json\/wp\/v2\/pages\/12613"}],"collection":[{"href":"https:\/\/villagemonde.com\/es\/wp-json\/wp\/v2\/pages"}],"about":[{"href":"https:\/\/villagemonde.com\/es\/wp-json\/wp\/v2\/types\/page"}],"author":[{"embeddable":true,"href":"https:\/\/villagemonde.com\/es\/wp-json\/wp\/v2\/users\/2"}],"replies":[{"embeddable":true,"href":"https:\/\/villagemonde.com\/es\/wp-json\/wp\/v2\/comments?post=12613"}],"version-history":[{"count":24,"href":"https:\/\/villagemonde.com\/es\/wp-json\/wp\/v2\/pages\/12613\/revisions"}],"predecessor-version":[{"id":25583,"href":"https:\/\/villagemonde.com\/es\/wp-json\/wp\/v2\/pages\/12613\/revisions\/25583"}],"wp:attachment":[{"href":"https:\/\/villagemonde.com\/es\/wp-json\/wp\/v2\/media?parent=12613"}],"curies":[{"name":"wp","href":"https:\/\/api.w.org\/{rel}","templated":true}]}}